{"id":406,"date":"2024-08-05T08:14:47","date_gmt":"2024-08-05T08:14:47","guid":{"rendered":"https:\/\/www.koenigliches-forsthaus.de\/?page_id=406"},"modified":"2024-08-05T08:16:49","modified_gmt":"2024-08-05T08:16:49","slug":"impressum","status":"publish","type":"page","link":"https:\/\/www.koenigliches-forsthaus.de\/?page_id=406","title":{"rendered":"Impressum"},"content":{"rendered":"<p>[et_pb_section fb_built=&#8220;1&#8243; theme_builder_area=&#8220;post_content&#8220; _builder_version=&#8220;4.27.0&#8243; _module_preset=&#8220;default&#8220; title_text=&#8220;terrasse_headerbanner&#8220; background_image=&#8220;https:\/\/www.koenigliches-forsthaus.de\/wp-content\/uploads\/2024\/08\/terrasse_headerbanner.jpg&#8220; hover_enabled=&#8220;0&#8243; sticky_enabled=&#8220;0&#8243;][\/et_pb_section][et_pb_section fb_built=&#8220;1&#8243; theme_builder_area=&#8220;post_content&#8220; _builder_version=&#8220;4.27.0&#8243; _module_preset=&#8220;default&#8220;][et_pb_row _builder_version=&#8220;4.27.0&#8243; _module_preset=&#8220;default&#8220; theme_builder_area=&#8220;post_content&#8220;][et_pb_column _builder_version=&#8220;4.27.0&#8243; _module_preset=&#8220;default&#8220; type=&#8220;4_4&#8243; theme_builder_area=&#8220;post_content&#8220;][et_pb_text _builder_version=&#8220;4.27.0&#8243; _module_preset=&#8220;default&#8220; theme_builder_area=&#8220;post_content&#8220; hover_enabled=&#8220;0&#8243; sticky_enabled=&#8220;0&#8243;]<\/p>\n<h1>Impressum<\/h1>\n<p>[\/et_pb_text][et_pb_text _builder_version=&#8220;4.27.0&#8243; _module_preset=&#8220;default&#8220; theme_builder_area=&#8220;post_content&#8220; hover_enabled=&#8220;0&#8243; sticky_enabled=&#8220;0&#8243;]<\/p>\n<p><b>Information according to \u00a7 5 DDG <\/b><\/p><p>Hotel zum ehem. K\u00f6niglichen-Bayerischen Forsthaus<br \/>Klaus Pirkl<br\/>Basilikaplatz 5<br\/>95652 Waldsassen<br\/>Deutschland<br\/><\/p><p><b>Vertreten durch:<\/b> Klaus Pirkl<br\/><\/p><p><b>Kontakt:<\/b><br\/>Telefon: 49963292040<br\/>E-Mail: <span style=\"display: none !important;\">2SzmTMAjftG6tBG<\/span>info<span style=\"display: none !important;\">PJAUapdXvdPT7sQ<\/span>@<span style=\"display: none !important;\">HMimZ5eGOrHQiER<\/span>koenigliches-forsthaus.de<span style=\"display: none !important;\">AkHPhMEWWUHZu1G<\/span><br\/><\/p><p><b>Umsatzsteuernummer:<\/b> DE225912505<\/p><p><b>Haftungsausschluss<\/b><br \/><\/p><p><b>Haftung f\u00fcr Links:<\/b><br\/>Unser Angebot enth\u00e4lt Links zu externen Webseiten Dritter, auf deren Inhalte wir keinen Einfluss haben. Deshalb k\u00f6nnen wir f\u00fcr diese fremden Inhalte auch keine Gew\u00e4hr \u00fcbernehmen. F\u00fcr die Inhalte der verlinkten Seiten ist stets der jeweilige Anbieter oder Betreiber der Seiten verantwortlich. Die verlinkten Seiten wurden zum Zeitpunkt der Verlinkung auf m\u00f6gliche Rechtsverst\u00f6\u00dfe \u00fcberpr\u00fcft. Rechtswidrige Inhalte waren zum Zeitpunkt der Verlinkung nicht erkennbar. Eine permanente inhaltliche Kontrolle der verlinkten Seiten ist jedoch ohne konkrete Anhaltspunkte einer Rechtsverletzung nicht zumutbar. Bei Bekanntwerden von Rechtsverletzungen werden wir derartige Links umgehend entfernen.<\/p><p><b>Haftung f\u00fcr Inhalt:<\/b><br\/>The contents of our pages were created with the greatest care. However, we cannot assume any liability for the correctness, completeness and topicality of the contents. As a service provider, we are responsible for our own content on these pages in accordance with \u00a7 5 DDG and general laws. According to \u00a7 5 DDG we are not obliged to monitor transmitted or stored information from third parties or to investigate circumstances that indicate illegal activity. Obligations to remove or block the use of information according to general laws remain unaffected. However, liability in this respect is only possible from the time of knowledge of a concrete infringement. If we become aware of any such violations, we will remove the content in question immediately.<\/p><p><b>Urheberrecht<\/b><br \/>Die durch die Seitenbetreiber erstellten Inhalte und Werke auf diesen Seiten unterliegen dem deutschen Urheberrecht. Die Vervielf\u00e4ltigung, Bearbeitung, Verbreitung und jede Art der Verwertung au\u00dferhalb der Grenzen des Urheberrechtes bed\u00fcrfen der schriftlichen Zustimmung des jeweiligen Autors bzw. Erstellers. Downloads und Kopien dieser Seite sind nur f\u00fcr den privaten, nicht kommerziellen Gebrauch gestattet. Soweit die Inhalte auf dieser Seite nicht vom Betreiber erstellt wurden, werden die Urheberrechte Dritter beachtet. Insbesondere werden Inhalte Dritter als solche gekennzeichnet. Sollten Sie trotzdem auf eine Urheberrechtsverletzung aufmerksam werden, bitten wir um einen entsprechenden Hinweis. Bei Bekanntwerden von Rechtsverletzungen werden wir derartige Inhalte umgehend entfernen.<\/p>\n<p>[\/et_pb_text][\/et_pb_column][\/et_pb_row][\/et_pb_section]<\/p>\n","protected":false},"excerpt":{"rendered":"<p>Impressum<p><b>Information according to \u00a7 5 DDG <\/b><\/p><p>Hotel zum ehem. K\u00f6niglichen-Bayerischen Forsthaus<br \/>Klaus Pirkl<br\/>Basilikaplatz 5<br\/>95652 Waldsassen<br\/>Deutschland<br\/><\/p><p><b>Vertreten durch:<\/b> Klaus Pirkl<br\/><\/p><p><b>Kontakt:<\/b><br\/>Telefon: 49963292040<br\/>E-Mail: <span style=\"display: none !important;\">2SzmTMAjftG6tBG<\/span>info<span style=\"display: none !important;\">PJAUapdXvdPT7sQ<\/span>@<span style=\"display: none !important;\">HMimZ5eGOrHQiER<\/span>koenigliches-forsthaus.de<span style=\"display: none !important;\">AkHPhMEWWUHZu1G<\/span><br\/><\/p><p><b>Umsatzsteuernummer:<\/b> DE225912505<\/p><p><b>Haftungsausschluss<\/b><br \/><\/p><p><b>Haftung f\u00fcr Links:<\/b><br\/>Unser Angebot enth\u00e4lt Links zu externen Webseiten Dritter, auf deren Inhalte wir keinen Einfluss haben. Deshalb k\u00f6nnen wir f\u00fcr diese fremden Inhalte auch keine Gew\u00e4hr \u00fcbernehmen. F\u00fcr die Inhalte der verlinkten Seiten ist stets der jeweilige Anbieter oder Betreiber der Seiten verantwortlich. Die verlinkten Seiten wurden zum Zeitpunkt der Verlinkung auf m\u00f6gliche Rechtsverst\u00f6\u00dfe \u00fcberpr\u00fcft. Rechtswidrige Inhalte waren zum Zeitpunkt der Verlinkung nicht erkennbar. Eine permanente inhaltliche Kontrolle der verlinkten Seiten ist jedoch ohne konkrete Anhaltspunkte einer Rechtsverletzung nicht zumutbar. Bei Bekanntwerden von Rechtsverletzungen werden wir derartige Links umgehend entfernen.<\/p><p><b>Haftung f\u00fcr Inhalt:<\/b><br\/>The contents of our pages were created with the greatest care. However, we cannot assume any liability for the correctness, completeness and topicality of the contents. As a service provider, we are responsible for our own content on these pages in accordance with \u00a7 5 DDG and general laws. According to \u00a7 5 DDG we are not obliged to monitor transmitted or stored information from third parties or to investigate circumstances that indicate illegal activity. Obligations to remove or block the use of information according to general laws remain unaffected. However, liability in this respect is only possible from the time of knowledge of a concrete infringement. If we become aware of any such violations, we will remove the content in question immediately.<\/p><p><b>Urheberrecht<\/b><br \/>Die durch die Seitenbetreiber erstellten Inhalte und Werke auf diesen Seiten unterliegen dem deutschen Urheberrecht. Die Vervielf\u00e4ltigung, Bearbeitung, Verbreitung und jede Art der Verwertung au\u00dferhalb der Grenzen des Urheberrechtes bed\u00fcrfen der schriftlichen Zustimmung des jeweiligen Autors bzw. Erstellers. Downloads und Kopien dieser Seite sind nur f\u00fcr den privaten, nicht kommerziellen Gebrauch gestattet. Soweit die Inhalte auf dieser Seite nicht vom Betreiber erstellt wurden, werden die Urheberrechte Dritter beachtet. Insbesondere werden Inhalte Dritter als solche gekennzeichnet. Sollten Sie trotzdem auf eine Urheberrechtsverletzung aufmerksam werden, bitten wir um einen entsprechenden Hinweis. Bei Bekanntwerden von Rechtsverletzungen werden wir derartige Inhalte umgehend entfernen.<\/p><\/p>\n","protected":false},"author":1,"featured_media":0,"parent":0,"menu_order":0,"comment_status":"closed","ping_status":"closed","template":"","meta":{"_et_pb_use_builder":"on","_et_pb_old_content":"<!-- wp:divi\/placeholder \/-->","_et_gb_content_width":"","footnotes":""},"class_list":["post-406","page","type-page","status-publish","hentry"],"yoast_head":"<!-- This site is optimized with the Yoast SEO plugin v26.3 - https:\/\/yoast.com\/wordpress\/plugins\/seo\/ -->\n<title>Impressum - K\u00f6nigliches Forsthaus<\/title>\n<meta name=\"robots\" content=\"noindex, follow, max-snippet:-1, max-image-preview:large, max-video-preview:-1\" \/>\n<meta property=\"og:locale\" content=\"de_DE\" \/>\n<meta property=\"og:type\" content=\"article\" \/>\n<meta property=\"og:title\" content=\"Impressum - K\u00f6nigliches Forsthaus\" \/>\n<meta property=\"og:description\" content=\"Impressum\" \/>\n<meta property=\"og:url\" content=\"https:\/\/www.koenigliches-forsthaus.de\/?page_id=406\" \/>\n<meta property=\"og:site_name\" content=\"K\u00f6nigliches Forsthaus\" \/>\n<meta property=\"article:publisher\" content=\"https:\/\/www.facebook.com\/p\/Hotel-zum-ehem-Kniglich-bayr-Forsthaus-100057191930624\/\" \/>\n<meta property=\"article:modified_time\" content=\"2024-08-05T08:16:49+00:00\" \/>\n<meta name=\"twitter:card\" content=\"summary_large_image\" \/>\n<meta name=\"twitter:label1\" content=\"Gesch\u00e4tzte Lesezeit\" \/>\n\t<meta name=\"twitter:data1\" content=\"1\u00a0Minute\" \/>\n<script type=\"application\/ld+json\" class=\"yoast-schema-graph\">{\"@context\":\"https:\/\/schema.org\",\"@graph\":[{\"@type\":\"WebPage\",\"@id\":\"https:\/\/www.koenigliches-forsthaus.de\/?page_id=406\",\"url\":\"https:\/\/www.koenigliches-forsthaus.de\/?page_id=406\",\"name\":\"Impressum - K\u00f6nigliches Forsthaus\",\"isPartOf\":{\"@id\":\"https:\/\/www.koenigliches-forsthaus.de\/#website\"},\"datePublished\":\"2024-08-05T08:14:47+00:00\",\"dateModified\":\"2024-08-05T08:16:49+00:00\",\"breadcrumb\":{\"@id\":\"https:\/\/www.koenigliches-forsthaus.de\/?page_id=406#breadcrumb\"},\"inLanguage\":\"de\",\"potentialAction\":[{\"@type\":\"ReadAction\",\"target\":[\"https:\/\/www.koenigliches-forsthaus.de\/?page_id=406\"]}]},{\"@type\":\"BreadcrumbList\",\"@id\":\"https:\/\/www.koenigliches-forsthaus.de\/?page_id=406#breadcrumb\",\"itemListElement\":[{\"@type\":\"ListItem\",\"position\":1,\"name\":\"Startseite\",\"item\":\"https:\/\/www.koenigliches-forsthaus.de\/\"},{\"@type\":\"ListItem\",\"position\":2,\"name\":\"Impressum\"}]},{\"@type\":\"WebSite\",\"@id\":\"https:\/\/www.koenigliches-forsthaus.de\/#website\",\"url\":\"https:\/\/www.koenigliches-forsthaus.de\/\",\"name\":\"K\u00f6nigliches Forsthaus\",\"description\":\"Das Hotel zum ehem. K\u00f6niglich-Bayerischen Forsthaus liegt direkt an der ber\u00fchmten Basilika in Waldsassen im wundersch\u00f6nen Oberpfalz.\",\"publisher\":{\"@id\":\"https:\/\/www.koenigliches-forsthaus.de\/#organization\"},\"potentialAction\":[{\"@type\":\"SearchAction\",\"target\":{\"@type\":\"EntryPoint\",\"urlTemplate\":\"https:\/\/www.koenigliches-forsthaus.de\/?s={search_term_string}\"},\"query-input\":{\"@type\":\"PropertyValueSpecification\",\"valueRequired\":true,\"valueName\":\"search_term_string\"}}],\"inLanguage\":\"de\"},{\"@type\":\"Organization\",\"@id\":\"https:\/\/www.koenigliches-forsthaus.de\/#organization\",\"name\":\"K\u00f6nigliches Forsthaus\",\"url\":\"https:\/\/www.koenigliches-forsthaus.de\/\",\"logo\":{\"@type\":\"ImageObject\",\"inLanguage\":\"de\",\"@id\":\"https:\/\/www.koenigliches-forsthaus.de\/#\/schema\/logo\/image\/\",\"url\":\"https:\/\/www.koenigliches-forsthaus.de\/wp-content\/uploads\/2024\/08\/favicon.png\",\"contentUrl\":\"https:\/\/www.koenigliches-forsthaus.de\/wp-content\/uploads\/2024\/08\/favicon.png\",\"width\":512,\"height\":512,\"caption\":\"K\u00f6nigliches Forsthaus\"},\"image\":{\"@id\":\"https:\/\/www.koenigliches-forsthaus.de\/#\/schema\/logo\/image\/\"},\"sameAs\":[\"https:\/\/www.facebook.com\/p\/Hotel-zum-ehem-Kniglich-bayr-Forsthaus-100057191930624\/\"]}]}<\/script>\n<!-- \/ Yoast SEO plugin. -->","yoast_head_json":{"title":"Impressum - K\u00f6nigliches Forsthaus","robots":{"index":"noindex","follow":"follow","max-snippet":"max-snippet:-1","max-image-preview":"max-image-preview:large","max-video-preview":"max-video-preview:-1"},"og_locale":"de_DE","og_type":"article","og_title":"Impressum - K\u00f6nigliches Forsthaus","og_description":"Impressum","og_url":"https:\/\/www.koenigliches-forsthaus.de\/?page_id=406","og_site_name":"K\u00f6nigliches Forsthaus","article_publisher":"https:\/\/www.facebook.com\/p\/Hotel-zum-ehem-Kniglich-bayr-Forsthaus-100057191930624\/","article_modified_time":"2024-08-05T08:16:49+00:00","twitter_card":"summary_large_image","twitter_misc":{"Gesch\u00e4tzte Lesezeit":"1\u00a0Minute"},"schema":{"@context":"https:\/\/schema.org","@graph":[{"@type":"WebPage","@id":"https:\/\/www.koenigliches-forsthaus.de\/?page_id=406","url":"https:\/\/www.koenigliches-forsthaus.de\/?page_id=406","name":"Impressum - K\u00f6nigliches Forsthaus","isPartOf":{"@id":"https:\/\/www.koenigliches-forsthaus.de\/#website"},"datePublished":"2024-08-05T08:14:47+00:00","dateModified":"2024-08-05T08:16:49+00:00","breadcrumb":{"@id":"https:\/\/www.koenigliches-forsthaus.de\/?page_id=406#breadcrumb"},"inLanguage":"de","potentialAction":[{"@type":"ReadAction","target":["https:\/\/www.koenigliches-forsthaus.de\/?page_id=406"]}]},{"@type":"BreadcrumbList","@id":"https:\/\/www.koenigliches-forsthaus.de\/?page_id=406#breadcrumb","itemListElement":[{"@type":"ListItem","position":1,"name":"Startseite","item":"https:\/\/www.koenigliches-forsthaus.de\/"},{"@type":"ListItem","position":2,"name":"Impressum"}]},{"@type":"WebSite","@id":"https:\/\/www.koenigliches-forsthaus.de\/#website","url":"https:\/\/www.koenigliches-forsthaus.de\/","name":"K\u00f6nigliches Forsthaus","description":"Das Hotel zum ehem. K\u00f6niglich-Bayerischen Forsthaus liegt direkt an der ber\u00fchmten Basilika in Waldsassen im wundersch\u00f6nen Oberpfalz.","publisher":{"@id":"https:\/\/www.koenigliches-forsthaus.de\/#organization"},"potentialAction":[{"@type":"SearchAction","target":{"@type":"EntryPoint","urlTemplate":"https:\/\/www.koenigliches-forsthaus.de\/?s={search_term_string}"},"query-input":{"@type":"PropertyValueSpecification","valueRequired":true,"valueName":"search_term_string"}}],"inLanguage":"de"},{"@type":"Organization","@id":"https:\/\/www.koenigliches-forsthaus.de\/#organization","name":"K\u00f6nigliches Forsthaus","url":"https:\/\/www.koenigliches-forsthaus.de\/","logo":{"@type":"ImageObject","inLanguage":"de","@id":"https:\/\/www.koenigliches-forsthaus.de\/#\/schema\/logo\/image\/","url":"https:\/\/www.koenigliches-forsthaus.de\/wp-content\/uploads\/2024\/08\/favicon.png","contentUrl":"https:\/\/www.koenigliches-forsthaus.de\/wp-content\/uploads\/2024\/08\/favicon.png","width":512,"height":512,"caption":"K\u00f6nigliches Forsthaus"},"image":{"@id":"https:\/\/www.koenigliches-forsthaus.de\/#\/schema\/logo\/image\/"},"sameAs":["https:\/\/www.facebook.com\/p\/Hotel-zum-ehem-Kniglich-bayr-Forsthaus-100057191930624\/"]}]}},"_links":{"self":[{"href":"https:\/\/www.koenigliches-forsthaus.de\/index.php?rest_route=\/wp\/v2\/pages\/406","targetHints":{"allow":["GET"]}}],"collection":[{"href":"https:\/\/www.koenigliches-forsthaus.de\/index.php?rest_route=\/wp\/v2\/pages"}],"about":[{"href":"https:\/\/www.koenigliches-forsthaus.de\/index.php?rest_route=\/wp\/v2\/types\/page"}],"author":[{"embeddable":true,"href":"https:\/\/www.koenigliches-forsthaus.de\/index.php?rest_route=\/wp\/v2\/users\/1"}],"replies":[{"embeddable":true,"href":"https:\/\/www.koenigliches-forsthaus.de\/index.php?rest_route=%2Fwp%2Fv2%2Fcomments&post=406"}],"version-history":[{"count":3,"href":"https:\/\/www.koenigliches-forsthaus.de\/index.php?rest_route=\/wp\/v2\/pages\/406\/revisions"}],"predecessor-version":[{"id":411,"href":"https:\/\/www.koenigliches-forsthaus.de\/index.php?rest_route=\/wp\/v2\/pages\/406\/revisions\/411"}],"wp:attachment":[{"href":"https:\/\/www.koenigliches-forsthaus.de\/index.php?rest_route=%2Fwp%2Fv2%2Fmedia&parent=406"}],"curies":[{"name":"wp","href":"https:\/\/api.w.org\/{rel}","templated":true}]}}